{"id":1227,"date":"2019-12-04T01:58:24","date_gmt":"2019-12-03T23:58:24","guid":{"rendered":"https:\/\/athosolive.gr\/chi-siamo\/"},"modified":"2024-09-08T17:34:23","modified_gmt":"2024-09-08T15:34:23","slug":"chi-siamo","status":"publish","type":"page","link":"https:\/\/athosolive.gr\/it\/chi-siamo\/","title":{"rendered":"Chi siamo"},"content":{"rendered":"\t\t<div data-elementor-type=\"wp-page\" data-elementor-id=\"1227\" class=\"elementor elementor-1227 elementor-10\" data-elementor-post-type=\"page\">\n\t\t\t\t\t\t<section class=\"penci-section penci-dmcheck penci-elbg-activate penci-disSticky penci-structure-10 elementor-section elementor-top-section elementor-element elementor-element-a2060aa elementor-section-boxed elementor-section-height-default elementor-section-height-default\" data-id=\"a2060aa\" data-element_type=\"section\" data-settings=\"{&quot;background_background&quot;:&quot;classic&quot;}\">\n\t\t\t\t\t\t\t<div class=\"elementor-background-overlay\"><\/div>\n\t\t\t\t\t\t\t<div class=\"elementor-container elementor-column-gap-extended\">\n\t\t\t\t\t<div class=\"penci-ercol-100 penci-ercol-order-1 penci-sticky-ct    elementor-column elementor-col-100 elementor-top-column elementor-element elementor-element-ee66d7e\" data-id=\"ee66d7e\" data-element_type=\"column\">\n\t\t\t<div class=\"elementor-widget-wrap elementor-element-populated\">\n\t\t\t\t\t\t<div class=\"elementor-element elementor-element-09d8368 elementor-widget elementor-widget-penci-fancy_heading\" data-id=\"09d8368\" data-element_type=\"widget\" data-widget_type=\"penci-fancy_heading.default\">\n\t\t\t\t<div class=\"elementor-widget-container\">\n\t\t\t\t\t<div class=\"penci-fancy-heading penci-heading-text-center\">\n\t\t\t<div class=\"penci-fancy-heading-inner\">\n\t\t\t\t<h2 class=\"penci-heading-title\"><span class=\"inner-tit\">La nostra azienda\n<\/span><\/h2>\t\t\t<\/div>\n\t\t<\/div>\n\t\t\t\t<\/div>\n\t\t\t\t<\/div>\n\t\t\t\t\t<\/div>\n\t\t<\/div>\n\t\t\t\t\t<\/div>\n\t\t<\/section>\n\t\t\t\t<section class=\"penci-section penci-disSticky penci-structure-20 elementor-section elementor-top-section elementor-element elementor-element-6acf74d elementor-section-content-middle elementor-section-boxed elementor-section-height-default elementor-section-height-default\" data-id=\"6acf74d\" data-element_type=\"section\">\n\t\t\t\t\t\t<div class=\"elementor-container elementor-column-gap-wider\">\n\t\t\t\t\t<div class=\"penci-ercol-50 penci-ercol-order-1 penci-sticky-ct    elementor-column elementor-col-50 elementor-top-column elementor-element elementor-element-b97b117\" data-id=\"b97b117\" data-element_type=\"column\">\n\t\t\t<div class=\"elementor-widget-wrap elementor-element-populated\">\n\t\t\t\t\t\t<div class=\"elementor-element elementor-element-ce6d98c elementor-widget elementor-widget-image\" data-id=\"ce6d98c\" data-element_type=\"widget\" data-widget_type=\"image.default\">\n\t\t\t\t<div class=\"elementor-widget-container\">\n\t\t\t<style>\/*! elementor - v3.23.0 - 05-08-2024 *\/\n.elementor-widget-image{text-align:center}.elementor-widget-image a{display:inline-block}.elementor-widget-image a img[src$=\".svg\"]{width:48px}.elementor-widget-image img{vertical-align:middle;display:inline-block}<\/style>\t\t\t\t\t\t\t\t\t\t<img fetchpriority=\"high\" decoding=\"async\" width=\"1024\" height=\"617\" src=\"https:\/\/athosolive.gr\/wp-content\/uploads\/2024\/08\/photo-002-1024x617.jpg\" class=\"attachment-large size-large wp-image-1233\" alt=\"\" srcset=\"https:\/\/athosolive.gr\/wp-content\/uploads\/2024\/08\/photo-002-1024x617.jpg 1024w, https:\/\/athosolive.gr\/wp-content\/uploads\/2024\/08\/photo-002-300x181.jpg 300w, https:\/\/athosolive.gr\/wp-content\/uploads\/2024\/08\/photo-002-768x463.jpg 768w, https:\/\/athosolive.gr\/wp-content\/uploads\/2024\/08\/photo-002-1536x925.jpg 1536w, https:\/\/athosolive.gr\/wp-content\/uploads\/2024\/08\/photo-002-2048x1234.jpg 2048w, https:\/\/athosolive.gr\/wp-content\/uploads\/2024\/08\/photo-002-1920x1157.jpg 1920w, https:\/\/athosolive.gr\/wp-content\/uploads\/2024\/08\/photo-002-1170x705.jpg 1170w, https:\/\/athosolive.gr\/wp-content\/uploads\/2024\/08\/photo-002-585x352.jpg 585w\" sizes=\"(max-width: 1024px) 100vw, 1024px\" \/>\t\t\t\t\t\t\t\t\t\t\t\t\t<\/div>\n\t\t\t\t<\/div>\n\t\t\t\t\t<\/div>\n\t\t<\/div>\n\t\t\t\t<div class=\"penci-ercol-50 penci-ercol-order-2 penci-sticky-ct    elementor-column elementor-col-50 elementor-top-column elementor-element elementor-element-fb438e7\" data-id=\"fb438e7\" data-element_type=\"column\">\n\t\t\t<div class=\"elementor-widget-wrap elementor-element-populated\">\n\t\t\t\t\t\t<div class=\"elementor-element elementor-element-56c2868 elementor-widget elementor-widget-penci-text-block\" data-id=\"56c2868\" data-element_type=\"widget\" data-widget_type=\"penci-text-block.default\">\n\t\t\t\t<div class=\"elementor-widget-container\">\n\t\t\t\t\t<div class=\"penci-block-vc penci-text-editor\">\n\t\t\t        <div class=\"penci-border-arrow penci-homepage-title penci-home-latest-posts style-6 pcalign-left pciconp-right pcicon-right block-title-icon-left\">\n            <h3 class=\"inner-arrow\">\n                <span>\n                    <span>L'azienda Athos<\/a>                <\/span>\n            <\/h3>\n\t\t\t        <\/div>\n\t\t\t\t\t<div class=\"penci-block_content\">\n\t\t\t\t<div class=\"elementor-text-editor elementor-clearfix\"><p><span class=\"HwtZe\" lang=\"it\"><span class=\"jCAhz\"><span class=\"ryNqvb\">Ha iniziato la sua attivit\u00e0 nel 2006 da Stelios Houtas e George Mardas e opera in strutture private di 8.000 m2 con sede a Ormylia.<\/span><\/span><\/span><br \/><br \/><br \/><br \/><span class=\"HwtZe\" lang=\"it\"><span class=\"jCAhz ChMk0b\"><span class=\"ryNqvb\">Questa \u00e8 la pi\u00f9 vasta area della Grecia dove viene coltivata la variet\u00e0 di oliva Halkidiki, garantendo cos\u00ec la fornitura immediata di un prodotto di eccellente qualit\u00e0 direttamente dai produttori agricoli.<\/span><\/span><\/span><\/p><\/div>\n\t\t\t<\/div>\n\t\t<\/div>\n\t\t\t\t<\/div>\n\t\t\t\t<\/div>\n\t\t\t\t\t<\/div>\n\t\t<\/div>\n\t\t\t\t\t<\/div>\n\t\t<\/section>\n\t\t\t\t<section class=\"penci-section penci-disSticky penci-structure-20 elementor-section elementor-top-section elementor-element elementor-element-0d00e1d elementor-section-content-middle elementor-section-full_width elementor-section-height-default elementor-section-height-default\" data-id=\"0d00e1d\" data-element_type=\"section\">\n\t\t\t\t\t\t<div class=\"elementor-container elementor-column-gap-no\">\n\t\t\t\t\t<div class=\"penci-ercol-50 penci-ercol-order-1 penci-sticky-ct  penci-dmcheck penci-elbg-activate  elementor-column elementor-col-50 elementor-top-column elementor-element elementor-element-6169467\" data-id=\"6169467\" data-element_type=\"column\" data-settings=\"{&quot;background_background&quot;:&quot;gradient&quot;}\">\n\t\t\t<div class=\"elementor-widget-wrap elementor-element-populated\">\n\t\t\t\t\t\t<div class=\"elementor-element elementor-element-18d8692 elementor-widget elementor-widget-penci-text-block\" data-id=\"18d8692\" data-element_type=\"widget\" data-widget_type=\"penci-text-block.default\">\n\t\t\t\t<div class=\"elementor-widget-container\">\n\t\t\t\t\t<div class=\"penci-block-vc penci-text-editor\">\n\t\t\t\t\t\t<div class=\"penci-block_content\">\n\t\t\t\t<div class=\"elementor-text-editor elementor-clearfix\"><p><span class=\"HwtZe\" lang=\"it\"><span class=\"jCAhz ChMk0b\"><span class=\"ryNqvb\">Con il sistema integrato di gestione della produzione, l&#8217;azienda \u00e8 entrata in modo dinamico nel campo della lavorazione, standardizzazione e commercializzazione, ottenendo l&#8217;eccellente qualit\u00e0 dell&#8217;oliva commestibile della Calcidica.<\/span><\/span> <span class=\"jCAhz\"><span class=\"ryNqvb\">Athos Olive ha una grande capacit\u00e0 di elaborare pi\u00f9 toni senza compromettere la qualit\u00e0.<\/span><\/span> <span class=\"jCAhz\"><span class=\"ryNqvb\">Il processo di lavorazione avviene sempre in modo rispettoso dell&#8217;ambiente.<\/span><\/span><\/span><\/p><div class=\"OvtS8d\">\u00a0<\/div><p><span class=\"HwtZe\" lang=\"it\"><span class=\"jCAhz ChMk0b\"><span class=\"ryNqvb\">Per la produzione dei suoi prodotti, Athos Olive dispone di moderne strutture private di 8.000 m2 nella zona di Ormylia, Halkidiki, dove viene effettuato l&#8217;intero processo di selezione, lavorazione, preparazione, confezionamento e standardizzazione delle olive commestibili, sotto la pi\u00f9 rigorosa sicurezza e qualit\u00e0.<\/span><\/span><\/span><\/p><div class=\"OvtS8d\">\u00a0<\/div><p><span class=\"HwtZe\" lang=\"it\"><span class=\"jCAhz ChMk0b\"><span class=\"ryNqvb\">Athos Olive ha un certificato di conformit\u00e0 BRC.<\/span><\/span><\/span><\/p><\/div>\n\t\t\t<\/div>\n\t\t<\/div>\n\t\t\t\t<\/div>\n\t\t\t\t<\/div>\n\t\t\t\t\t<\/div>\n\t\t<\/div>\n\t\t\t\t<div class=\"penci-ercol-50 penci-ercol-order-2 penci-sticky-ct    elementor-column elementor-col-50 elementor-top-column elementor-element elementor-element-1516215\" data-id=\"1516215\" data-element_type=\"column\">\n\t\t\t<div class=\"elementor-widget-wrap elementor-element-populated\">\n\t\t\t\t\t\t<div class=\"elementor-element elementor-element-20346ab elementor-widget elementor-widget-image\" data-id=\"20346ab\" data-element_type=\"widget\" data-widget_type=\"image.default\">\n\t\t\t\t<div class=\"elementor-widget-container\">\n\t\t\t\t\t\t\t\t\t\t\t\t\t<img decoding=\"async\" width=\"1024\" height=\"703\" src=\"https:\/\/athosolive.gr\/wp-content\/uploads\/2024\/08\/etaireia22-1024x703.jpg\" class=\"attachment-large size-large wp-image-1236\" alt=\"\" srcset=\"https:\/\/athosolive.gr\/wp-content\/uploads\/2024\/08\/etaireia22-1024x703.jpg 1024w, https:\/\/athosolive.gr\/wp-content\/uploads\/2024\/08\/etaireia22-300x206.jpg 300w, https:\/\/athosolive.gr\/wp-content\/uploads\/2024\/08\/etaireia22-768x527.jpg 768w, https:\/\/athosolive.gr\/wp-content\/uploads\/2024\/08\/etaireia22-1536x1054.jpg 1536w, https:\/\/athosolive.gr\/wp-content\/uploads\/2024\/08\/etaireia22-2048x1406.jpg 2048w, https:\/\/athosolive.gr\/wp-content\/uploads\/2024\/08\/etaireia22-1920x1318.jpg 1920w, https:\/\/athosolive.gr\/wp-content\/uploads\/2024\/08\/etaireia22-1170x803.jpg 1170w, https:\/\/athosolive.gr\/wp-content\/uploads\/2024\/08\/etaireia22-585x402.jpg 585w\" sizes=\"(max-width: 1024px) 100vw, 1024px\" \/>\t\t\t\t\t\t\t\t\t\t\t\t\t<\/div>\n\t\t\t\t<\/div>\n\t\t\t\t\t<\/div>\n\t\t<\/div>\n\t\t\t\t\t<\/div>\n\t\t<\/section>\n\t\t\t\t<section class=\"penci-section penci-disSticky penci-structure-20 elementor-section elementor-top-section elementor-element elementor-element-36711ad elementor-section-content-middle elementor-section-boxed elementor-section-height-default elementor-section-height-default\" data-id=\"36711ad\" data-element_type=\"section\">\n\t\t\t\t\t\t<div class=\"elementor-container elementor-column-gap-wider\">\n\t\t\t\t\t<div class=\"penci-ercol-50 penci-ercol-order-1 penci-sticky-ct    elementor-column elementor-col-50 elementor-top-column elementor-element elementor-element-7e50257\" data-id=\"7e50257\" data-element_type=\"column\">\n\t\t\t<div class=\"elementor-widget-wrap elementor-element-populated\">\n\t\t\t\t\t\t<div class=\"elementor-element elementor-element-788f65b elementor-widget elementor-widget-image\" data-id=\"788f65b\" data-element_type=\"widget\" data-widget_type=\"image.default\">\n\t\t\t\t<div class=\"elementor-widget-container\">\n\t\t\t\t\t\t\t\t\t\t\t\t\t<img decoding=\"async\" width=\"1024\" height=\"683\" src=\"https:\/\/athosolive.gr\/wp-content\/uploads\/2024\/08\/\u03b5\u03c4\u03b1\u03b9\u03c1\u03b5\u03af\u03b1-\u03b5\u03bb\u03b9\u03b5\u03c2-1024x683.jpg\" class=\"attachment-large size-large wp-image-1230\" alt=\"\" srcset=\"https:\/\/athosolive.gr\/wp-content\/uploads\/2024\/08\/\u03b5\u03c4\u03b1\u03b9\u03c1\u03b5\u03af\u03b1-\u03b5\u03bb\u03b9\u03b5\u03c2-1024x683.jpg 1024w, https:\/\/athosolive.gr\/wp-content\/uploads\/2024\/08\/\u03b5\u03c4\u03b1\u03b9\u03c1\u03b5\u03af\u03b1-\u03b5\u03bb\u03b9\u03b5\u03c2-300x200.jpg 300w, https:\/\/athosolive.gr\/wp-content\/uploads\/2024\/08\/\u03b5\u03c4\u03b1\u03b9\u03c1\u03b5\u03af\u03b1-\u03b5\u03bb\u03b9\u03b5\u03c2-768x512.jpg 768w, https:\/\/athosolive.gr\/wp-content\/uploads\/2024\/08\/\u03b5\u03c4\u03b1\u03b9\u03c1\u03b5\u03af\u03b1-\u03b5\u03bb\u03b9\u03b5\u03c2-1536x1024.jpg 1536w, https:\/\/athosolive.gr\/wp-content\/uploads\/2024\/08\/\u03b5\u03c4\u03b1\u03b9\u03c1\u03b5\u03af\u03b1-\u03b5\u03bb\u03b9\u03b5\u03c2-1170x780.jpg 1170w, https:\/\/athosolive.gr\/wp-content\/uploads\/2024\/08\/\u03b5\u03c4\u03b1\u03b9\u03c1\u03b5\u03af\u03b1-\u03b5\u03bb\u03b9\u03b5\u03c2-585x390.jpg 585w, https:\/\/athosolive.gr\/wp-content\/uploads\/2024\/08\/\u03b5\u03c4\u03b1\u03b9\u03c1\u03b5\u03af\u03b1-\u03b5\u03bb\u03b9\u03b5\u03c2-263x175.jpg 263w, https:\/\/athosolive.gr\/wp-content\/uploads\/2024\/08\/\u03b5\u03c4\u03b1\u03b9\u03c1\u03b5\u03af\u03b1-\u03b5\u03bb\u03b9\u03b5\u03c2.jpg 1920w\" sizes=\"(max-width: 1024px) 100vw, 1024px\" \/>\t\t\t\t\t\t\t\t\t\t\t\t\t<\/div>\n\t\t\t\t<\/div>\n\t\t\t\t\t<\/div>\n\t\t<\/div>\n\t\t\t\t<div class=\"penci-ercol-50 penci-ercol-order-2 penci-sticky-ct  penci-dmcheck penci-elbg-activate  elementor-column elementor-col-50 elementor-top-column elementor-element elementor-element-b861f77\" data-id=\"b861f77\" data-element_type=\"column\" data-settings=\"{&quot;background_background&quot;:&quot;gradient&quot;}\">\n\t\t\t<div class=\"elementor-widget-wrap elementor-element-populated\">\n\t\t\t\t\t\t<div class=\"elementor-element elementor-element-13c2499 elementor-widget elementor-widget-penci-text-block\" data-id=\"13c2499\" data-element_type=\"widget\" data-widget_type=\"penci-text-block.default\">\n\t\t\t\t<div class=\"elementor-widget-container\">\n\t\t\t\t\t<div class=\"penci-block-vc penci-text-editor\">\n\t\t\t        <div class=\"penci-border-arrow penci-homepage-title penci-home-latest-posts style-6 pcalign-left pciconp-right pcicon-right block-title-icon-left\">\n            <h3 class=\"inner-arrow\">\n                <span>\n                    <span>Olivo, un dono della natura<\/a>                <\/span>\n            <\/h3>\n\t\t\t        <\/div>\n\t\t\t\t\t<div class=\"penci-block_content\">\n\t\t\t\t<div class=\"elementor-text-editor elementor-clearfix\"><p><span class=\"HwtZe\" lang=\"it\"><span class=\"jCAhz\"><span class=\"ryNqvb\">Viene coltivato da secoli garantendo una corretta alimentazione e buona salute.<\/span><\/span> <span class=\"jCAhz\"><span class=\"ryNqvb\">Il legame tra l&#8217;olivo e la Calcidica risale all&#8217;epoca ellenistica e romana.<\/span><\/span><\/span><\/p><p>\u00a0<\/p><p><span class=\"HwtZe\" lang=\"it\"><span class=\"jCAhz\"><span class=\"ryNqvb\">La coltivazione dell&#8217;olivo nella Calcidica copre oggi un&#8217;area di 310.000 acri con 5 milioni di alberi, ovvero 1\/3 della superficie coltivata della prefettura.<\/span><\/span><\/span><\/p><p>\u00a0<\/p><p><span class=\"HwtZe\" lang=\"it\"><span class=\"jCAhz\"><span class=\"ryNqvb\">Le olive verdi Halkidiki provengono esclusivamente dalla variet\u00e0 &#8220;Halkidiki&#8221;.<\/span><\/span> <span class=\"jCAhz ChMk0b\"><span class=\"ryNqvb\">Sono caratterizzati da una grande pezzatura del frutto con un elevato rapporto tra polpa e torsolo, un colore giallo-verdastro brillante, un delicato aroma fruttato e un gusto leggermente piccante.<\/span><\/span><\/span><\/p><p>\u00a0<\/p><p><span class=\"HwtZe\" lang=\"it\"><span class=\"jCAhz\"><span class=\"ryNqvb\">Hanno una modalit\u00e0 di preparazione particolare, corrispondente al modo in cui sono disponibili (interi, snocciolati, farciti e schiacciati), mentre sono prodotti DOP.<\/span><\/span> <span class=\"jCAhz ChMk0b\"><span class=\"ryNqvb\">dal 2012.<\/span><\/span><\/span><\/p><\/div>\n\t\t\t<\/div>\n\t\t<\/div>\n\t\t\t\t<\/div>\n\t\t\t\t<\/div>\n\t\t\t\t\t<\/div>\n\t\t<\/div>\n\t\t\t\t\t<\/div>\n\t\t<\/section>\n\t\t\t\t<section class=\"penci-section penci-disSticky penci-structure-20 elementor-section elementor-top-section elementor-element elementor-element-9fd3d59 elementor-section-content-middle elementor-section-full_width elementor-section-height-default elementor-section-height-default\" data-id=\"9fd3d59\" data-element_type=\"section\">\n\t\t\t\t\t\t<div class=\"elementor-container elementor-column-gap-no\">\n\t\t\t\t\t<div class=\"penci-ercol-50 penci-ercol-order-1 penci-sticky-ct  penci-dmcheck penci-elbg-activate  elementor-column elementor-col-50 elementor-top-column elementor-element elementor-element-a548130\" data-id=\"a548130\" data-element_type=\"column\" data-settings=\"{&quot;background_background&quot;:&quot;gradient&quot;}\">\n\t\t\t<div class=\"elementor-widget-wrap elementor-element-populated\">\n\t\t\t\t\t\t<div class=\"elementor-element elementor-element-dacdaf2 elementor-widget elementor-widget-penci-text-block\" data-id=\"dacdaf2\" data-element_type=\"widget\" data-widget_type=\"penci-text-block.default\">\n\t\t\t\t<div class=\"elementor-widget-container\">\n\t\t\t\t\t<div class=\"penci-block-vc penci-text-editor\">\n\t\t\t        <div class=\"penci-border-arrow penci-homepage-title penci-home-latest-posts style-6 pcalign-left pciconp-right pcicon-right block-title-icon-left\">\n            <h3 class=\"inner-arrow\">\n                <span>\n                    <span>Olivo<br> Albero pregiato<br> e amato dai Greci<\/a>                <\/span>\n            <\/h3>\n\t\t\t        <\/div>\n\t\t\t\t\t<div class=\"penci-block_content\">\n\t\t\t\t<div class=\"elementor-text-editor elementor-clearfix\"><p><span class=\"HwtZe\" lang=\"it\"><span class=\"jCAhz\"><span class=\"ryNqvb\">Questo albero benedetto ama il clima mite mediterraneo ed \u00e8 coltivato in Grecia almeno dal II millennio a.C.<\/span><\/span> <span class=\"jCAhz\"><span class=\"ryNqvb\">ed \u00e8 stato collegato alla loro vita quotidiana e alla religione cristiana ortodossa<\/span><\/span><\/span>.<\/p><p>\u00a0<\/p><p><span class=\"HwtZe\" lang=\"it\"><span class=\"jCAhz\"><span class=\"ryNqvb\">L&#8217;olivo \u00e8 sempre stato il simbolo della pace e dell&#8217;euforia, ed \u00e8 per questo che gli dei dell&#8217;Olimpo venivano incoronati con una corona di ulivo.<\/span><\/span><\/span><\/p><p>\u00a0<\/p><p><span class=\"HwtZe\" lang=\"it\"><span class=\"jCAhz ChMk0b\"><span class=\"ryNqvb\">La Calcidica, nonostante sia famosa per il sole e le spiagge, \u00e8 una zona ricca di foreste, ha sviluppato un&#8217;agricoltura con ampie zone di uliveti che, grazie al clima secco, unico nel nord della Grecia, produce ottime olive e olio.<\/span><\/span><\/span><\/p><\/div>\n\t\t\t<\/div>\n\t\t<\/div>\n\t\t\t\t<\/div>\n\t\t\t\t<\/div>\n\t\t\t\t\t<\/div>\n\t\t<\/div>\n\t\t\t\t<div class=\"penci-ercol-50 penci-ercol-order-2 penci-sticky-ct    elementor-column elementor-col-50 elementor-top-column elementor-element elementor-element-bc72bb9\" data-id=\"bc72bb9\" data-element_type=\"column\">\n\t\t\t<div class=\"elementor-widget-wrap elementor-element-populated\">\n\t\t\t\t\t\t<div class=\"elementor-element elementor-element-6515ded elementor-widget elementor-widget-image\" data-id=\"6515ded\" data-element_type=\"widget\" data-widget_type=\"image.default\">\n\t\t\t\t<div class=\"elementor-widget-container\">\n\t\t\t\t\t\t\t\t\t\t\t\t\t<img loading=\"lazy\" decoding=\"async\" width=\"2560\" height=\"2234\" src=\"https:\/\/athosolive.gr\/wp-content\/uploads\/2024\/09\/elaiodentro-2-scaled.jpg\" class=\"attachment-full size-full wp-image-1237\" alt=\"\" srcset=\"https:\/\/athosolive.gr\/wp-content\/uploads\/2024\/09\/elaiodentro-2-scaled.jpg 2560w, https:\/\/athosolive.gr\/wp-content\/uploads\/2024\/09\/elaiodentro-2-300x262.jpg 300w, https:\/\/athosolive.gr\/wp-content\/uploads\/2024\/09\/elaiodentro-2-1024x893.jpg 1024w, https:\/\/athosolive.gr\/wp-content\/uploads\/2024\/09\/elaiodentro-2-768x670.jpg 768w, https:\/\/athosolive.gr\/wp-content\/uploads\/2024\/09\/elaiodentro-2-1536x1340.jpg 1536w, https:\/\/athosolive.gr\/wp-content\/uploads\/2024\/09\/elaiodentro-2-2048x1787.jpg 2048w, https:\/\/athosolive.gr\/wp-content\/uploads\/2024\/09\/elaiodentro-2-1920x1675.jpg 1920w, https:\/\/athosolive.gr\/wp-content\/uploads\/2024\/09\/elaiodentro-2-1170x1021.jpg 1170w, https:\/\/athosolive.gr\/wp-content\/uploads\/2024\/09\/elaiodentro-2-585x510.jpg 585w\" sizes=\"(max-width: 2560px) 100vw, 2560px\" \/>\t\t\t\t\t\t\t\t\t\t\t\t\t<\/div>\n\t\t\t\t<\/div>\n\t\t\t\t\t<\/div>\n\t\t<\/div>\n\t\t\t\t\t<\/div>\n\t\t<\/section>\n\t\t\t\t<section class=\"penci-section penci-dmcheck penci-elbg-activate penci-elbg-img penci-disSticky penci-structure-40 elementor-section elementor-top-section elementor-element elementor-element-b5287bc elementor-section-boxed elementor-section-height-default elementor-section-height-default\" data-id=\"b5287bc\" data-element_type=\"section\" data-settings=\"{&quot;background_background&quot;:&quot;classic&quot;}\">\n\t\t\t\t\t\t\t<div class=\"elementor-background-overlay\"><\/div>\n\t\t\t\t\t\t\t<div class=\"elementor-container elementor-column-gap-extended\">\n\t\t\t\t\t<div class=\"penci-ercol-25 penci-ercol-order-1 penci-sticky-sb penci-sidebarSC   elementor-column elementor-col-25 elementor-top-column elementor-element elementor-element-ea53400\" data-id=\"ea53400\" data-element_type=\"column\">\n\t\t\t<div class=\"elementor-widget-wrap elementor-element-populated\">\n\t\t\t\t\t\t<div class=\"elementor-element elementor-element-d47ea14 elementor-widget elementor-widget-counter\" data-id=\"d47ea14\" data-element_type=\"widget\" data-widget_type=\"counter.default\">\n\t\t\t\t<div class=\"elementor-widget-container\">\n\t\t\t<style>\/*! elementor - v3.23.0 - 05-08-2024 *\/\n.elementor-counter{display:flex;justify-content:center;align-items:stretch;flex-direction:column-reverse}.elementor-counter .elementor-counter-number{flex-grow:var(--counter-number-grow,0)}.elementor-counter .elementor-counter-number-wrapper{flex:1;display:flex;font-size:69px;font-weight:600;line-height:1;text-align:center}.elementor-counter .elementor-counter-number-prefix{text-align:end;flex-grow:var(--counter-prefix-grow,1);white-space:pre-wrap}.elementor-counter .elementor-counter-number-suffix{text-align:start;flex-grow:var(--counter-suffix-grow,1);white-space:pre-wrap}.elementor-counter .elementor-counter-title{flex:1;display:flex;justify-content:center;align-items:center;margin:0;padding:0;font-size:19px;font-weight:400;line-height:2.5}<\/style>\t\t<div class=\"elementor-counter\">\n\t\t\t<div class=\"elementor-counter-title\">Clienti felici<\/div>\t\t\t<div class=\"elementor-counter-number-wrapper\">\n\t\t\t\t<span class=\"elementor-counter-number-prefix\"><\/span>\n\t\t\t\t<span class=\"elementor-counter-number\" data-duration=\"2000\" data-to-value=\"345\" data-from-value=\"0\" data-delimiter=\",\">0<\/span>\n\t\t\t\t<span class=\"elementor-counter-number-suffix\">+<\/span>\n\t\t\t<\/div>\n\t\t<\/div>\n\t\t\t\t<\/div>\n\t\t\t\t<\/div>\n\t\t\t\t\t<\/div>\n\t\t<\/div>\n\t\t\t\t<div class=\"penci-ercol-25 penci-ercol-order-2 penci-sticky-sb penci-sidebarSC   elementor-column elementor-col-25 elementor-top-column elementor-element elementor-element-be8a32d\" data-id=\"be8a32d\" data-element_type=\"column\">\n\t\t\t<div class=\"elementor-widget-wrap elementor-element-populated\">\n\t\t\t\t\t\t<div class=\"elementor-element elementor-element-6f9e05d elementor-widget elementor-widget-counter\" data-id=\"6f9e05d\" data-element_type=\"widget\" data-widget_type=\"counter.default\">\n\t\t\t\t<div class=\"elementor-widget-container\">\n\t\t\t\t\t<div class=\"elementor-counter\">\n\t\t\t<div class=\"elementor-counter-title\">Certificati di qualit\u00e0<\/div>\t\t\t<div class=\"elementor-counter-number-wrapper\">\n\t\t\t\t<span class=\"elementor-counter-number-prefix\"><\/span>\n\t\t\t\t<span class=\"elementor-counter-number\" data-duration=\"2000\" data-to-value=\"5\" data-from-value=\"0\" data-delimiter=\",\">0<\/span>\n\t\t\t\t<span class=\"elementor-counter-number-suffix\">+<\/span>\n\t\t\t<\/div>\n\t\t<\/div>\n\t\t\t\t<\/div>\n\t\t\t\t<\/div>\n\t\t\t\t\t<\/div>\n\t\t<\/div>\n\t\t\t\t<div class=\"penci-ercol-25 penci-ercol-order-3 penci-sticky-sb penci-sidebarSC   elementor-column elementor-col-25 elementor-top-column elementor-element elementor-element-2151c31\" data-id=\"2151c31\" data-element_type=\"column\">\n\t\t\t<div class=\"elementor-widget-wrap elementor-element-populated\">\n\t\t\t\t\t\t<div class=\"elementor-element elementor-element-d0e8709 elementor-widget elementor-widget-counter\" data-id=\"d0e8709\" data-element_type=\"widget\" data-widget_type=\"counter.default\">\n\t\t\t\t<div class=\"elementor-widget-container\">\n\t\t\t\t\t<div class=\"elementor-counter\">\n\t\t\t<div class=\"elementor-counter-title\">Tipi di oliva<\/div>\t\t\t<div class=\"elementor-counter-number-wrapper\">\n\t\t\t\t<span class=\"elementor-counter-number-prefix\"><\/span>\n\t\t\t\t<span class=\"elementor-counter-number\" data-duration=\"2000\" data-to-value=\"9\" data-from-value=\"0\" data-delimiter=\",\">0<\/span>\n\t\t\t\t<span class=\"elementor-counter-number-suffix\">+<\/span>\n\t\t\t<\/div>\n\t\t<\/div>\n\t\t\t\t<\/div>\n\t\t\t\t<\/div>\n\t\t\t\t\t<\/div>\n\t\t<\/div>\n\t\t\t\t<div class=\"penci-ercol-25 penci-ercol-order-4 penci-sticky-sb penci-sidebarSC   elementor-column elementor-col-25 elementor-top-column elementor-element elementor-element-f288224\" data-id=\"f288224\" data-element_type=\"column\">\n\t\t\t<div class=\"elementor-widget-wrap elementor-element-populated\">\n\t\t\t\t\t\t<div class=\"elementor-element elementor-element-7407ca4 elementor-widget elementor-widget-counter\" data-id=\"7407ca4\" data-element_type=\"widget\" data-widget_type=\"counter.default\">\n\t\t\t\t<div class=\"elementor-widget-container\">\n\t\t\t\t\t<div class=\"elementor-counter\">\n\t\t\t<div class=\"elementor-counter-title\">Esportazioni verso nuovi paesi<\/div>\t\t\t<div class=\"elementor-counter-number-wrapper\">\n\t\t\t\t<span class=\"elementor-counter-number-prefix\"><\/span>\n\t\t\t\t<span class=\"elementor-counter-number\" data-duration=\"2000\" data-to-value=\"14\" data-from-value=\"0\" data-delimiter=\",\">0<\/span>\n\t\t\t\t<span class=\"elementor-counter-number-suffix\">+<\/span>\n\t\t\t<\/div>\n\t\t<\/div>\n\t\t\t\t<\/div>\n\t\t\t\t<\/div>\n\t\t\t\t\t<\/div>\n\t\t<\/div>\n\t\t\t\t\t<\/div>\n\t\t<\/section>\n\t\t\t\t<\/div>\n\t\t","protected":false},"excerpt":{"rendered":"<p>La nostra azienda L&#8217;azienda Athos Ha iniziato la sua attivit\u00e0 nel 2006 da Stelios Houtas e George Mardas e opera in strutture private di 8.000 m2 con sede a Ormylia.&hellip;<\/p>\n","protected":false},"author":1,"featured_media":0,"parent":0,"menu_order":0,"comment_status":"closed","ping_status":"closed","template":"page-fullwidth.php","meta":{"content-type":"","_lmt_disableupdate":"","_lmt_disable":"","footnotes":""},"class_list":["post-1227","page","type-page","status-publish","hentry"],"_links":{"self":[{"href":"https:\/\/athosolive.gr\/it\/wp-json\/wp\/v2\/pages\/1227","targetHints":{"allow":["GET"]}}],"collection":[{"href":"https:\/\/athosolive.gr\/it\/wp-json\/wp\/v2\/pages"}],"about":[{"href":"https:\/\/athosolive.gr\/it\/wp-json\/wp\/v2\/types\/page"}],"author":[{"embeddable":true,"href":"https:\/\/athosolive.gr\/it\/wp-json\/wp\/v2\/users\/1"}],"replies":[{"embeddable":true,"href":"https:\/\/athosolive.gr\/it\/wp-json\/wp\/v2\/comments?post=1227"}],"version-history":[{"count":4,"href":"https:\/\/athosolive.gr\/it\/wp-json\/wp\/v2\/pages\/1227\/revisions"}],"predecessor-version":[{"id":1269,"href":"https:\/\/athosolive.gr\/it\/wp-json\/wp\/v2\/pages\/1227\/revisions\/1269"}],"wp:attachment":[{"href":"https:\/\/athosolive.gr\/it\/wp-json\/wp\/v2\/media?parent=1227"}],"curies":[{"name":"wp","href":"https:\/\/api.w.org\/{rel}","templated":true}]}}